{"id":116,"date":"2024-12-04T18:30:46","date_gmt":"2024-12-04T18:30:46","guid":{"rendered":"https:\/\/manita.dk\/?page_id=116"},"modified":"2025-07-31T17:22:40","modified_gmt":"2025-07-31T17:22:40","slug":"tidsbestilling","status":"publish","type":"page","link":"https:\/\/manita.dk\/index.php\/tidsbestilling\/","title":{"rendered":"Tidsbestilling"},"content":{"rendered":"\n<h2 class=\"wp-block-heading has-text-align-center\"><strong>Tid til Massage &amp; Fodbehandling<\/strong>, <strong> bestilles p\u00e5 SMS eller via Tlf. 91 99 64 29<\/strong>  <\/h2>\n\n\n\n<h2 class=\"wp-block-heading\"><\/h2>\n\n\n\n<h2 class=\"wp-block-heading has-text-align-center\"><\/h2>\n\n\n\n<div class=\"wp-block-group alignfull has-global-padding is-layout-constrained wp-container-core-group-is-layout-0c9c989a wp-block-group-is-layout-constrained\" style=\"min-height:0vh;margin-top:0;margin-bottom:0;padding-top:var(--wp--preset--spacing--70);padding-right:var(--wp--preset--spacing--40);padding-bottom:var(--wp--preset--spacing--70);padding-left:var(--wp--preset--spacing--40)\">\n<div class=\"wp-block-group has-global-padding is-layout-constrained wp-container-core-group-is-layout-346627ba wp-block-group-is-layout-constrained\">\n<h2 class=\"wp-block-heading has-text-align-center has-xx-large-font-size\" style=\"margin-right:0;margin-left:0;padding-right:0;padding-left:0\">Kliniken ligger p\u00e5 Svalevej 14 6600 Vejen<\/h2>\n\n\n\n<h1 class=\"wp-block-heading has-text-align-left\"><\/h1>\n\n\n\n<p class=\"has-text-align-center\"><strong>\u00c5ben Mandag &#8211; S\u00f8ndag  fra kl. 09:00 &#8211; 18:00<\/strong><\/p>\n\n\n\n<p class=\"has-text-align-center\"><strong>tidsbestilling p\u00e5 tlf. 91 99 64 29<em>  \/ eller p\u00e5 email <\/em><\/strong><em><strong> <\/strong><\/em><a href=\"mailto:tid@manita.dk\"><strong>tid@manita.dk<\/strong><\/a><\/p>\n\n\n\n<div class=\"wp-block-columns is-layout-flex wp-container-core-columns-is-layout-28f84493 wp-block-columns-is-layout-flex\">\n<div class=\"wp-block-column is-layout-flow wp-block-column-is-layout-flow\">\n<figure class=\"wp-block-image size-large is-resized\"><a href=\"https:\/\/www.facebook.com\/profile.php?id=61568963198038&amp;mibextid=LQQJ4d&amp;rdid=ySlyLerVu0iHLaWC&amp;share_url=https%3A%2F%2Fwww.facebook.com%2Fshare%2F14qcaTseNe%2F%3Fmibextid%3DLQQJ4d\" target=\"_blank\" rel=\" noreferrer noopener\"><img loading=\"lazy\" decoding=\"async\" width=\"1024\" height=\"1024\" src=\"https:\/\/manita.dk\/wp-content\/uploads\/2024\/12\/\u2014Pngtree\u2014facebook-icon-social-media-3d_8704803-1024x1024.png\" alt=\"\" class=\"wp-image-118\" style=\"width:63px;height:auto\" srcset=\"https:\/\/manita.dk\/wp-content\/uploads\/2024\/12\/\u2014Pngtree\u2014facebook-icon-social-media-3d_8704803-1024x1024.png 1024w, https:\/\/manita.dk\/wp-content\/uploads\/2024\/12\/\u2014Pngtree\u2014facebook-icon-social-media-3d_8704803-300x300.png 300w, https:\/\/manita.dk\/wp-content\/uploads\/2024\/12\/\u2014Pngtree\u2014facebook-icon-social-media-3d_8704803-150x150.png 150w, https:\/\/manita.dk\/wp-content\/uploads\/2024\/12\/\u2014Pngtree\u2014facebook-icon-social-media-3d_8704803-768x768.png 768w, https:\/\/manita.dk\/wp-content\/uploads\/2024\/12\/\u2014Pngtree\u2014facebook-icon-social-media-3d_8704803.png 1200w\" sizes=\"auto, (max-width: 1024px) 100vw, 1024px\" \/><\/a><figcaption class=\"wp-element-caption\"><strong>F\u00f8lg os p\u00e5 Facebook<\/strong><\/figcaption><\/figure>\n<\/div>\n<\/div>\n<\/div>\n<\/div>\n\n\n\n<p><\/p>\n","protected":false},"excerpt":{"rendered":"<p>Tid til Massage &amp; Fodbehandling, bestilles p\u00e5 SMS eller via Tlf. 91 99 64 29 Kliniken ligger p\u00e5 Svalevej 14 6600 Vejen \u00c5ben Mandag &#8211; S\u00f8ndag fra kl. 09:00 &#8211; 18:00 tidsbestilling p\u00e5 tlf. 91 99 64 29 \/ eller p\u00e5 email tid@manita.dk<\/p>\n","protected":false},"author":2,"featured_media":0,"parent":0,"menu_order":0,"comment_status":"closed","ping_status":"closed","template":"","meta":{"footnotes":""},"class_list":["post-116","page","type-page","status-publish","hentry"],"_links":{"self":[{"href":"https:\/\/manita.dk\/index.php\/wp-json\/wp\/v2\/pages\/116","targetHints":{"allow":["GET"]}}],"collection":[{"href":"https:\/\/manita.dk\/index.php\/wp-json\/wp\/v2\/pages"}],"about":[{"href":"https:\/\/manita.dk\/index.php\/wp-json\/wp\/v2\/types\/page"}],"author":[{"embeddable":true,"href":"https:\/\/manita.dk\/index.php\/wp-json\/wp\/v2\/users\/2"}],"replies":[{"embeddable":true,"href":"https:\/\/manita.dk\/index.php\/wp-json\/wp\/v2\/comments?post=116"}],"version-history":[{"count":35,"href":"https:\/\/manita.dk\/index.php\/wp-json\/wp\/v2\/pages\/116\/revisions"}],"predecessor-version":[{"id":279,"href":"https:\/\/manita.dk\/index.php\/wp-json\/wp\/v2\/pages\/116\/revisions\/279"}],"wp:attachment":[{"href":"https:\/\/manita.dk\/index.php\/wp-json\/wp\/v2\/media?parent=116"}],"curies":[{"name":"wp","href":"https:\/\/api.w.org\/{rel}","templated":true}]}}